{"id":51,"date":"2025-10-27T15:33:14","date_gmt":"2025-10-27T15:33:14","guid":{"rendered":"https:\/\/wischin.info\/?page_id=51"},"modified":"2026-01-06T16:12:41","modified_gmt":"2026-01-06T16:12:41","slug":"kontakt","status":"publish","type":"page","link":"https:\/\/wischin.info\/?page_id=51&lang=de","title":{"rendered":"Kontakt"},"content":{"rendered":"\n<section class=\"wp-block-group llt-contact\" style=\"padding-right:var(--wp--preset--spacing--40);padding-left:var(--wp--preset--spacing--40)\"><div class=\"wp-block-group__inner-container is-layout-constrained wp-container-core-group-is-layout-8cd669b9 wp-block-group-is-layout-constrained\">\n<h1 class=\"wp-block-heading has-text-align-center\">Kontakt<\/h1>\n\n\n\n<p class=\"has-text-align-center\">\n    F\u00fcr \u00dcbersetzungsanfragen oder Kooperationsvorschl\u00e4ge erreichen Sie mich unter:\n  <\/p>\n\n\n\n<p style=\"text-align: center;\">\n<a href=\"mailto:tr**********@*****in.info\" data-original-string=\"\/GqtWCPeocLLx1ZZzhUzvA==f50xmN2qRTXBgsvy1ARu1wrhbVrf\/SNrJG76ONtCIylvGg=\" title=\"This contact has been encoded by Anti-Spam by CleanTalk. Click to decode. To finish the decoding make sure that JavaScript is enabled in your browser.\"><span \n                data-original-string='hNLUR5AHhVnGGEyOCXPjJg==f505iIPaEyCuz\/4H1UXwngmBwhop7N7P5JMHLLx9Q9sdhU='\n                class='apbct-email-encoder'\n                title='This contact has been encoded by Anti-Spam by CleanTalk. Click to decode. To finish the decoding make sure that JavaScript is enabled in your browser.'>tr<span class=\"apbct-blur\">**********<\/span>@<span class=\"apbct-blur\">*****<\/span>in.info<\/span><\/a>\n\n\n\n<div class=\"wpcf7 no-js\" id=\"wpcf7-f438-o1\" lang=\"en-US\" dir=\"ltr\" data-wpcf7-id=\"438\">\n<div class=\"screen-reader-response\"><p role=\"status\" aria-live=\"polite\" aria-atomic=\"true\"><\/p> <ul><\/ul><\/div>\n<form action=\"\/index.php?rest_route=%2Fwp%2Fv2%2Fpages%2F51#wpcf7-f438-o1\" method=\"post\" class=\"wpcf7-form init\" aria-label=\"Contact form\" novalidate=\"novalidate\" data-status=\"init\">\n<fieldset class=\"hidden-fields-container\"><input type=\"hidden\" name=\"_wpcf7\" value=\"438\" \/><input type=\"hidden\" name=\"_wpcf7_version\" value=\"6.1.5\" \/><input type=\"hidden\" name=\"_wpcf7_locale\" value=\"en_US\" \/><input type=\"hidden\" name=\"_wpcf7_unit_tag\" value=\"wpcf7-f438-o1\" \/><input type=\"hidden\" name=\"_wpcf7_container_post\" value=\"0\" \/><input type=\"hidden\" name=\"_wpcf7_posted_data_hash\" value=\"\" \/><input type=\"hidden\" name=\"_wpcf7_recaptcha_response\" value=\"\" \/>\n<\/fieldset>\n<p><label>Ihr Name<br \/>\n<span class=\"wpcf7-form-control-wrap\" data-name=\"your-name\"><input size=\"40\" maxlength=\"400\" class=\"wpcf7-form-control wpcf7-text wpcf7-validates-as-required\" aria-required=\"true\" aria-invalid=\"false\" value=\"\" type=\"text\" name=\"your-name\" \/><\/span><br \/>\n<\/label>\n<\/p>\n<p><label>Ihre E-Mail-Adresse<br \/>\n<span class=\"wpcf7-form-control-wrap\" data-name=\"your-email\"><input size=\"40\" maxlength=\"400\" class=\"wpcf7-form-control wpcf7-email wpcf7-validates-as-required wpcf7-text wpcf7-validates-as-email\" aria-required=\"true\" aria-invalid=\"false\" value=\"\" type=\"email\" name=\"your-email\" \/><\/span><br \/>\n<\/label>\n<\/p>\n<p><label>Betreff<br \/>\n<span class=\"wpcf7-form-control-wrap\" data-name=\"your-subject\"><input size=\"40\" maxlength=\"400\" class=\"wpcf7-form-control wpcf7-text\" aria-invalid=\"false\" value=\"\" type=\"text\" name=\"your-subject\" \/><\/span><br \/>\n<\/label>\n<\/p>\n<p><label>Ihre Nachricht<br \/>\n<span class=\"wpcf7-form-control-wrap\" data-name=\"your-message\"><textarea cols=\"40\" rows=\"10\" maxlength=\"2000\" class=\"wpcf7-form-control wpcf7-textarea\" aria-invalid=\"false\" name=\"your-message\"><\/textarea><\/span><br \/>\n<\/label>\n<\/p>\n<p><input class=\"wpcf7-form-control wpcf7-submit has-spinner\" type=\"submit\" value=\"Nachricht senden\" \/>\n<\/p><input type=\"hidden\" id=\"ct_checkjs_cf7_1141938ba2c2b13f5505d7c424ebae5f\" name=\"ct_checkjs_cf7\" value=\"0\" \/><script >setTimeout(function(){var ct_input_name = \"ct_checkjs_cf7_1141938ba2c2b13f5505d7c424ebae5f\";if (document.getElementById(ct_input_name) !== null) {var ct_input_value = document.getElementById(ct_input_name).value;document.getElementById(ct_input_name).value = document.getElementById(ct_input_name).value.replace(ct_input_value, '64403512');}}, 1000);<\/script><input\n                    class=\"apbct_special_field apbct_email_id__wp_contact_form_7\"\n                    name=\"apbct__email_id__wp_contact_form_7\"\n                    aria-label=\"apbct__label_id__wp_contact_form_7\"\n                    type=\"text\" size=\"30\" maxlength=\"200\" autocomplete=\"off\"\n                    value=\"\"\n                \/><p style=\"display: none !important;\" class=\"akismet-fields-container\" data-prefix=\"_wpcf7_ak_\"><label>&#916;<textarea name=\"_wpcf7_ak_hp_textarea\" cols=\"45\" rows=\"8\" maxlength=\"100\"><\/textarea><\/label><input type=\"hidden\" id=\"ak_js_1\" name=\"_wpcf7_ak_js\" value=\"97\"\/><script>\ndocument.getElementById( \"ak_js_1\" ).setAttribute( \"value\", ( new Date() ).getTime() );\n<\/script>\n<\/p><div class=\"wpcf7-response-output\" aria-hidden=\"true\"><\/div>\n<\/form>\n<\/div>\n\n\n\n\n<p class=\"has-text-align-center\"><\/p>\n\n\n\n<p class=\"has-text-align-center\">\n    Ludwigs Leiter Translations<br>\n    Quer\u00e9taro, Mexiko\n  <\/p>\n<\/div><\/section>\n","protected":false},"excerpt":{"rendered":"<p>Kontakt F\u00fcr \u00dcbersetzungsanfragen oder Kooperationsvorschl\u00e4ge erreichen Sie mich unter: tr**********@*****in.info Ludwigs Leiter Translations Quer\u00e9taro, Mexiko<\/p>\n","protected":false},"author":1,"featured_media":0,"parent":0,"menu_order":0,"comment_status":"closed","ping_status":"closed","template":"","meta":{"footnotes":""},"class_list":["post-51","page","type-page","status-publish","hentry"],"yoast_head":"<!-- This site is optimized with the Yoast SEO plugin v27.5 - https:\/\/yoast.com\/product\/yoast-seo-wordpress\/ -->\r\n<title>Kontakt - Ludwigs Leiter Translations<\/title>\r\n<meta name=\"robots\" content=\"index, follow, max-snippet:-1, max-image-preview:large, max-video-preview:-1\" \/>\r\n<link rel=\"canonical\" href=\"https:\/\/wischin.info\/?page_id=51&lang=de\" \/>\r\n<meta property=\"og:locale\" content=\"en_US\" \/>\r\n<meta property=\"og:type\" content=\"article\" \/>\r\n<meta property=\"og:title\" content=\"Kontakt - Ludwigs Leiter Translations\" \/>\r\n<meta property=\"og:description\" content=\"Kontakt F\u00fcr \u00dcbersetzungsanfragen oder Kooperationsvorschl\u00e4ge erreichen Sie mich unter: tr**********@*****in.info Ludwigs Leiter Translations Quer\u00e9taro, Mexiko\" \/>\r\n<meta property=\"og:url\" content=\"https:\/\/wischin.info\/?page_id=51&amp;lang=de\" \/>\r\n<meta property=\"og:site_name\" content=\"Ludwigs Leiter Translations\" \/>\r\n<meta property=\"article:modified_time\" content=\"2026-01-06T16:12:41+00:00\" \/>\r\n<meta name=\"twitter:card\" content=\"summary_large_image\" \/>\r\n<script type=\"application\/ld+json\" class=\"yoast-schema-graph\">{\"@context\":\"https:\\\/\\\/schema.org\",\"@graph\":[{\"@type\":\"WebPage\",\"@id\":\"https:\\\/\\\/wischin.info\\\/?page_id=51&lang=de\",\"url\":\"https:\\\/\\\/wischin.info\\\/?page_id=51&lang=de\",\"name\":\"Kontakt - Ludwigs Leiter Translations\",\"isPartOf\":{\"@id\":\"https:\\\/\\\/wischin.info\\\/#website\"},\"datePublished\":\"2025-10-27T15:33:14+00:00\",\"dateModified\":\"2026-01-06T16:12:41+00:00\",\"breadcrumb\":{\"@id\":\"https:\\\/\\\/wischin.info\\\/?page_id=51&lang=de#breadcrumb\"},\"inLanguage\":\"en-US\",\"potentialAction\":[{\"@type\":\"ReadAction\",\"target\":[\"https:\\\/\\\/wischin.info\\\/?page_id=51&lang=de\"]}]},{\"@type\":\"BreadcrumbList\",\"@id\":\"https:\\\/\\\/wischin.info\\\/?page_id=51&lang=de#breadcrumb\",\"itemListElement\":[{\"@type\":\"ListItem\",\"position\":1,\"name\":\"Home\",\"item\":\"https:\\\/\\\/wischin.info\\\/\"},{\"@type\":\"ListItem\",\"position\":2,\"name\":\"Kontakt\"}]},{\"@type\":\"WebSite\",\"@id\":\"https:\\\/\\\/wischin.info\\\/#website\",\"url\":\"https:\\\/\\\/wischin.info\\\/\",\"name\":\"Ludwigs Leiter Translations\",\"description\":\"\",\"potentialAction\":[{\"@type\":\"SearchAction\",\"target\":{\"@type\":\"EntryPoint\",\"urlTemplate\":\"https:\\\/\\\/wischin.info\\\/?s={search_term_string}\"},\"query-input\":{\"@type\":\"PropertyValueSpecification\",\"valueRequired\":true,\"valueName\":\"search_term_string\"}}],\"inLanguage\":\"en-US\"}]}<\/script>\r\n<!-- \/ Yoast SEO plugin. -->","yoast_head_json":{"title":"Kontakt - Ludwigs Leiter Translations","robots":{"index":"index","follow":"follow","max-snippet":"max-snippet:-1","max-image-preview":"max-image-preview:large","max-video-preview":"max-video-preview:-1"},"canonical":"https:\/\/wischin.info\/?page_id=51&lang=de","og_locale":"en_US","og_type":"article","og_title":"Kontakt - Ludwigs Leiter Translations","og_description":"Kontakt F\u00fcr \u00dcbersetzungsanfragen oder Kooperationsvorschl\u00e4ge erreichen Sie mich unter: tr**********@*****in.info Ludwigs Leiter Translations Quer\u00e9taro, Mexiko","og_url":"https:\/\/wischin.info\/?page_id=51&lang=de","og_site_name":"Ludwigs Leiter Translations","article_modified_time":"2026-01-06T16:12:41+00:00","twitter_card":"summary_large_image","schema":{"@context":"https:\/\/schema.org","@graph":[{"@type":"WebPage","@id":"https:\/\/wischin.info\/?page_id=51&lang=de","url":"https:\/\/wischin.info\/?page_id=51&lang=de","name":"Kontakt - Ludwigs Leiter Translations","isPartOf":{"@id":"https:\/\/wischin.info\/#website"},"datePublished":"2025-10-27T15:33:14+00:00","dateModified":"2026-01-06T16:12:41+00:00","breadcrumb":{"@id":"https:\/\/wischin.info\/?page_id=51&lang=de#breadcrumb"},"inLanguage":"en-US","potentialAction":[{"@type":"ReadAction","target":["https:\/\/wischin.info\/?page_id=51&lang=de"]}]},{"@type":"BreadcrumbList","@id":"https:\/\/wischin.info\/?page_id=51&lang=de#breadcrumb","itemListElement":[{"@type":"ListItem","position":1,"name":"Home","item":"https:\/\/wischin.info\/"},{"@type":"ListItem","position":2,"name":"Kontakt"}]},{"@type":"WebSite","@id":"https:\/\/wischin.info\/#website","url":"https:\/\/wischin.info\/","name":"Ludwigs Leiter Translations","description":"","potentialAction":[{"@type":"SearchAction","target":{"@type":"EntryPoint","urlTemplate":"https:\/\/wischin.info\/?s={search_term_string}"},"query-input":{"@type":"PropertyValueSpecification","valueRequired":true,"valueName":"search_term_string"}}],"inLanguage":"en-US"}]}},"_links":{"self":[{"href":"https:\/\/wischin.info\/index.php?rest_route=\/wp\/v2\/pages\/51","targetHints":{"allow":["GET"]}}],"collection":[{"href":"https:\/\/wischin.info\/index.php?rest_route=\/wp\/v2\/pages"}],"about":[{"href":"https:\/\/wischin.info\/index.php?rest_route=\/wp\/v2\/types\/page"}],"author":[{"embeddable":true,"href":"https:\/\/wischin.info\/index.php?rest_route=\/wp\/v2\/users\/1"}],"replies":[{"embeddable":true,"href":"https:\/\/wischin.info\/index.php?rest_route=%2Fwp%2Fv2%2Fcomments&post=51"}],"version-history":[{"count":9,"href":"https:\/\/wischin.info\/index.php?rest_route=\/wp\/v2\/pages\/51\/revisions"}],"predecessor-version":[{"id":1263,"href":"https:\/\/wischin.info\/index.php?rest_route=\/wp\/v2\/pages\/51\/revisions\/1263"}],"wp:attachment":[{"href":"https:\/\/wischin.info\/index.php?rest_route=%2Fwp%2Fv2%2Fmedia&parent=51"}],"curies":[{"name":"wp","href":"https:\/\/api.w.org\/{rel}","templated":true}]}}