{"id":49,"date":"2025-10-27T15:32:28","date_gmt":"2025-10-27T15:32:28","guid":{"rendered":"https:\/\/wischin.info\/?page_id=49"},"modified":"2026-01-31T21:12:20","modified_gmt":"2026-01-31T21:12:20","slug":"sprachphilosophie","status":"publish","type":"page","link":"https:\/\/wischin.info\/?page_id=49&lang=de","title":{"rendered":"Sprachphilosophie"},"content":{"rendered":"\n<section class=\"wp-block-group llt-philosophy\" style=\"padding-right:var(--wp--preset--spacing--30);padding-left:var(--wp--preset--spacing--30)\"><div class=\"wp-block-group__inner-container is-layout-constrained wp-container-core-group-is-layout-a68114f4 wp-block-group-is-layout-constrained\">\n<h1 class=\"wp-block-heading has-text-align-center\">Sprachphilosophie<\/h1>\n\n\n\n<p>Meine akademische Arbeit konzentriert sich auf Sprachphilosophie, Logik und die historischen Zusammenh\u00e4nge zwischen Frege, Wittgenstein und dem zeitgen\u00f6ssischen Pragmatismus. Im Folgenden finden Sie einen kurzen \u00dcberblick \u00fcber meine Forschung und ausgew\u00e4hlte Ver\u00f6ffentlichungen. <\/p>\n\n\n\n<h2 class=\"wp-block-heading\">Ausbildung und Redaktionst\u00e4tigkeit<\/h2>\n\n\n\n<ul class=\"wp-block-list\">\n<li>Promotion in Philosophie, Universidad de Granada, Spanien.<\/li>\n\n\n\n<li>Master in Philosophie, Universidad Nacional Aut\u00f3noma de M\u00e9xico (UNAM), Mexiko-Stadt.<\/li>\n\n\n\n<li>Philosophiestudium an der Universidad Aut\u00f3noma de Quer\u00e9taro, Mexiko.<\/li>\n\n\n\n<li>Ehemaliger Redaktionssekret\u00e4r und Herausgeber einer bedeutenden spanischen Zeitschrift f\u00fcr Philosophie.<\/li>\n<\/ul>\n\n\n\n<h2 class=\"wp-block-heading\">Neuere Ver\u00f6ffentlichungen<\/h2>\n\n\n\n<ul class=\"wp-block-list pub-list\">\n<li><strong>2025 (in Vorbereitung):<\/strong> &#8220;Lessons from Frege. A Personal Journey&#8221;, Teorema, Revista Internacional de Filosof\u00eda. <\/li>\n\n\n\n<li><strong>2024:<\/strong> \u201eEl principio de contexto: de Frege a Wittgenstein\u201c, <em>LOGOS Revista de Filosof\u00eda<\/em>.<\/li>\n\n\n\n<li><strong>2023:<\/strong> \u201eFrege\u2019s Third Realm and the Structure of Thought\u201c, <em>Disputatio<\/em>. Philosophical Research Bulletin.<\/li>\n\n\n\n<li><strong>2023<\/strong>: Dissertation: &#8220;Algunos aspectos de las filosof\u00edas de la l\u00f3gica y del lenguaje de Frege y del joven Wittgenstein, y su influencia en la filosof\u00eda contempor\u00e1nea&#8221;<\/li>\n\n\n\n<li><strong>2023:<\/strong> \u201eWittgenstein, Brandom y las explicaciones te\u00f3ricas en la filosof\u00eda\u201c. In: <em>Perspectivas y problemas de la filosof\u00eda contempor\u00e1nea<\/em>.<\/li>\n\n\n\n<li><strong>2021:<\/strong> \u201eNihilismo sem\u00e1ntico y expresivismo pragm\u00e1tico\u201c, <em>Disputatio<\/em>. Philosophical Research Bulletin.<\/li>\n\n\n\n<li><strong>2020:<\/strong> \u201eBreve an\u00e1lisis y traducci\u00f3n de \u2018Sobre la ley de la inercia\u2019 de Gottlob Frege\u201c, <em>Disputatio<\/em>. Philosophical Research Bulletin.<\/li>\n\n\n\n<li><strong>2019:<\/strong> \u201eOn Frege\u2019s Legacy in the Later Wittgenstein and Brandom\u201c, <em>Disputatio<\/em>. Philosophical Research Bulletin.<\/li>\n\n\n\n<li><strong>2015<\/strong>: Masterarbeit: &#8220;Traducci\u00f3n del texto de Gottlob Frege: escritos p\u00f3stumos sobre l\u00f3gica y filosof\u00eda del lenguaje&#8221;. Kritischer Kommentar gefolgt von einer \u00dcbersetzung mit oraler Entgegnung.<\/li>\n<\/ul>\n<\/div><\/section>\n","protected":false},"excerpt":{"rendered":"<p>Sprachphilosophie Meine akademische Arbeit konzentriert sich auf Sprachphilosophie, Logik und die historischen Zusammenh\u00e4nge zwischen Frege, Wittgenstein und dem zeitgen\u00f6ssischen Pragmatismus. Im Folgenden finden Sie einen kurzen \u00dcberblick \u00fcber meine Forschung und ausgew\u00e4hlte Ver\u00f6ffentlichungen. Ausbildung und Redaktionst\u00e4tigkeit Neuere Ver\u00f6ffentlichungen<\/p>\n","protected":false},"author":1,"featured_media":0,"parent":0,"menu_order":0,"comment_status":"closed","ping_status":"closed","template":"","meta":{"footnotes":""},"class_list":["post-49","page","type-page","status-publish","hentry"],"yoast_head":"<!-- This site is optimized with the Yoast SEO plugin v27.5 - https:\/\/yoast.com\/product\/yoast-seo-wordpress\/ -->\r\n<title>Sprachphilosophie - Ludwigs Leiter Translations<\/title>\r\n<meta name=\"robots\" content=\"index, follow, max-snippet:-1, max-image-preview:large, max-video-preview:-1\" \/>\r\n<link rel=\"canonical\" href=\"https:\/\/wischin.info\/?page_id=49&lang=de\" \/>\r\n<meta property=\"og:locale\" content=\"en_US\" \/>\r\n<meta property=\"og:type\" content=\"article\" \/>\r\n<meta property=\"og:title\" content=\"Sprachphilosophie - Ludwigs Leiter Translations\" \/>\r\n<meta property=\"og:description\" content=\"Sprachphilosophie Meine akademische Arbeit konzentriert sich auf Sprachphilosophie, Logik und die historischen Zusammenh\u00e4nge zwischen Frege, Wittgenstein und dem zeitgen\u00f6ssischen Pragmatismus. Im Folgenden finden Sie einen kurzen \u00dcberblick \u00fcber meine Forschung und ausgew\u00e4hlte Ver\u00f6ffentlichungen. Ausbildung und Redaktionst\u00e4tigkeit Neuere Ver\u00f6ffentlichungen\" \/>\r\n<meta property=\"og:url\" content=\"https:\/\/wischin.info\/?page_id=49&amp;lang=de\" \/>\r\n<meta property=\"og:site_name\" content=\"Ludwigs Leiter Translations\" \/>\r\n<meta property=\"article:modified_time\" content=\"2026-01-31T21:12:20+00:00\" \/>\r\n<meta name=\"twitter:card\" content=\"summary_large_image\" \/>\r\n<meta name=\"twitter:label1\" content=\"Est. reading time\" \/>\n\t<meta name=\"twitter:data1\" content=\"1 minute\" \/>\r\n<script type=\"application\/ld+json\" class=\"yoast-schema-graph\">{\"@context\":\"https:\\\/\\\/schema.org\",\"@graph\":[{\"@type\":\"WebPage\",\"@id\":\"https:\\\/\\\/wischin.info\\\/?page_id=49&lang=de\",\"url\":\"https:\\\/\\\/wischin.info\\\/?page_id=49&lang=de\",\"name\":\"Sprachphilosophie - Ludwigs Leiter Translations\",\"isPartOf\":{\"@id\":\"https:\\\/\\\/wischin.info\\\/#website\"},\"datePublished\":\"2025-10-27T15:32:28+00:00\",\"dateModified\":\"2026-01-31T21:12:20+00:00\",\"breadcrumb\":{\"@id\":\"https:\\\/\\\/wischin.info\\\/?page_id=49&lang=de#breadcrumb\"},\"inLanguage\":\"en-US\",\"potentialAction\":[{\"@type\":\"ReadAction\",\"target\":[\"https:\\\/\\\/wischin.info\\\/?page_id=49&lang=de\"]}]},{\"@type\":\"BreadcrumbList\",\"@id\":\"https:\\\/\\\/wischin.info\\\/?page_id=49&lang=de#breadcrumb\",\"itemListElement\":[{\"@type\":\"ListItem\",\"position\":1,\"name\":\"Home\",\"item\":\"https:\\\/\\\/wischin.info\\\/\"},{\"@type\":\"ListItem\",\"position\":2,\"name\":\"Sprachphilosophie\"}]},{\"@type\":\"WebSite\",\"@id\":\"https:\\\/\\\/wischin.info\\\/#website\",\"url\":\"https:\\\/\\\/wischin.info\\\/\",\"name\":\"Ludwigs Leiter Translations\",\"description\":\"\",\"potentialAction\":[{\"@type\":\"SearchAction\",\"target\":{\"@type\":\"EntryPoint\",\"urlTemplate\":\"https:\\\/\\\/wischin.info\\\/?s={search_term_string}\"},\"query-input\":{\"@type\":\"PropertyValueSpecification\",\"valueRequired\":true,\"valueName\":\"search_term_string\"}}],\"inLanguage\":\"en-US\"}]}<\/script>\r\n<!-- \/ Yoast SEO plugin. -->","yoast_head_json":{"title":"Sprachphilosophie - Ludwigs Leiter Translations","robots":{"index":"index","follow":"follow","max-snippet":"max-snippet:-1","max-image-preview":"max-image-preview:large","max-video-preview":"max-video-preview:-1"},"canonical":"https:\/\/wischin.info\/?page_id=49&lang=de","og_locale":"en_US","og_type":"article","og_title":"Sprachphilosophie - Ludwigs Leiter Translations","og_description":"Sprachphilosophie Meine akademische Arbeit konzentriert sich auf Sprachphilosophie, Logik und die historischen Zusammenh\u00e4nge zwischen Frege, Wittgenstein und dem zeitgen\u00f6ssischen Pragmatismus. Im Folgenden finden Sie einen kurzen \u00dcberblick \u00fcber meine Forschung und ausgew\u00e4hlte Ver\u00f6ffentlichungen. Ausbildung und Redaktionst\u00e4tigkeit Neuere Ver\u00f6ffentlichungen","og_url":"https:\/\/wischin.info\/?page_id=49&lang=de","og_site_name":"Ludwigs Leiter Translations","article_modified_time":"2026-01-31T21:12:20+00:00","twitter_card":"summary_large_image","twitter_misc":{"Est. reading time":"1 minute"},"schema":{"@context":"https:\/\/schema.org","@graph":[{"@type":"WebPage","@id":"https:\/\/wischin.info\/?page_id=49&lang=de","url":"https:\/\/wischin.info\/?page_id=49&lang=de","name":"Sprachphilosophie - Ludwigs Leiter Translations","isPartOf":{"@id":"https:\/\/wischin.info\/#website"},"datePublished":"2025-10-27T15:32:28+00:00","dateModified":"2026-01-31T21:12:20+00:00","breadcrumb":{"@id":"https:\/\/wischin.info\/?page_id=49&lang=de#breadcrumb"},"inLanguage":"en-US","potentialAction":[{"@type":"ReadAction","target":["https:\/\/wischin.info\/?page_id=49&lang=de"]}]},{"@type":"BreadcrumbList","@id":"https:\/\/wischin.info\/?page_id=49&lang=de#breadcrumb","itemListElement":[{"@type":"ListItem","position":1,"name":"Home","item":"https:\/\/wischin.info\/"},{"@type":"ListItem","position":2,"name":"Sprachphilosophie"}]},{"@type":"WebSite","@id":"https:\/\/wischin.info\/#website","url":"https:\/\/wischin.info\/","name":"Ludwigs Leiter Translations","description":"","potentialAction":[{"@type":"SearchAction","target":{"@type":"EntryPoint","urlTemplate":"https:\/\/wischin.info\/?s={search_term_string}"},"query-input":{"@type":"PropertyValueSpecification","valueRequired":true,"valueName":"search_term_string"}}],"inLanguage":"en-US"}]}},"_links":{"self":[{"href":"https:\/\/wischin.info\/index.php?rest_route=\/wp\/v2\/pages\/49","targetHints":{"allow":["GET"]}}],"collection":[{"href":"https:\/\/wischin.info\/index.php?rest_route=\/wp\/v2\/pages"}],"about":[{"href":"https:\/\/wischin.info\/index.php?rest_route=\/wp\/v2\/types\/page"}],"author":[{"embeddable":true,"href":"https:\/\/wischin.info\/index.php?rest_route=\/wp\/v2\/users\/1"}],"replies":[{"embeddable":true,"href":"https:\/\/wischin.info\/index.php?rest_route=%2Fwp%2Fv2%2Fcomments&post=49"}],"version-history":[{"count":13,"href":"https:\/\/wischin.info\/index.php?rest_route=\/wp\/v2\/pages\/49\/revisions"}],"predecessor-version":[{"id":1321,"href":"https:\/\/wischin.info\/index.php?rest_route=\/wp\/v2\/pages\/49\/revisions\/1321"}],"wp:attachment":[{"href":"https:\/\/wischin.info\/index.php?rest_route=%2Fwp%2Fv2%2Fmedia&parent=49"}],"curies":[{"name":"wp","href":"https:\/\/api.w.org\/{rel}","templated":true}]}}