{"id":1264,"date":"2026-01-06T20:09:14","date_gmt":"2026-01-06T20:09:14","guid":{"rendered":"https:\/\/wischin.info\/?page_id=1264"},"modified":"2026-01-06T20:12:46","modified_gmt":"2026-01-06T20:12:46","slug":"aviso-legal","status":"publish","type":"page","link":"https:\/\/wischin.info\/?page_id=1264&lang=es","title":{"rendered":"Aviso legal"},"content":{"rendered":"\n<h1 class=\"wp-block-heading\" style=\"padding-right:var(--wp--preset--spacing--30);padding-left:var(--wp--preset--spacing--30)\">Aviso legal<\/h1>\n\n\n\n<p style=\"padding-right:var(--wp--preset--spacing--30);padding-left:var(--wp--preset--spacing--30)\"><strong>Responsable para este sitio de Internet:<\/strong><br> Ludwigs Leiter Translations<br> Kurt Wischin<br> Quer\u00e9taro, Mexico<br> Email: <a href=\"mailto:tr**********@*****in.info\" data-original-string=\"pypvuTvK\/pRyuKbRQFfE\/w==f50yKD1xsEcXRqHN11PCVnNf4amKDRieDDcfoi+tNAa3aY=\" title=\"This contact has been encoded by Anti-Spam by CleanTalk. Click to decode. To finish the decoding make sure that JavaScript is enabled in your browser.\"><span \n                data-original-string='3HaaygYfkO2KHL3M5EG+lA==f50okVjNcnkgNSf0uQEp9i3ClkZBs4P97k7KVEK+lD9oqU='\n                class='apbct-email-encoder'\n                title='This contact has been encoded by Anti-Spam by CleanTalk. Click to decode. To finish the decoding make sure that JavaScript is enabled in your browser.'>tr<span class=\"apbct-blur\">**********<\/span>@<span class=\"apbct-blur\">*****<\/span>in.info<\/span><\/a><\/p>\n\n\n\n<p><\/p>\n\n\n\n<p style=\"padding-right:var(--wp--preset--spacing--30);padding-left:var(--wp--preset--spacing--30)\">Este sitio de Internet proporciona informaci\u00f3n sobre servicios de traducci\u00f3n profesional. Todo el contenido se prepara con el cuidado y al mejor de nuestro conocimiento. No se acepta responsabilidad por los enlaces externos.<\/p>\n","protected":false},"excerpt":{"rendered":"<p>Aviso legal Responsable para este sitio de Internet: Ludwigs Leiter Translations Kurt Wischin Quer\u00e9taro, Mexico Email: tr**********@*****in.info Este sitio de Internet proporciona informaci\u00f3n sobre servicios de traducci\u00f3n profesional. Todo el contenido se prepara con el cuidado y al mejor de nuestro conocimiento. No se acepta responsabilidad por los enlaces externos.<\/p>\n","protected":false},"author":1,"featured_media":0,"parent":0,"menu_order":0,"comment_status":"closed","ping_status":"closed","template":"","meta":{"footnotes":""},"class_list":["post-1264","page","type-page","status-publish","hentry"],"yoast_head":"<!-- This site is optimized with the Yoast SEO plugin v27.5 - https:\/\/yoast.com\/product\/yoast-seo-wordpress\/ -->\r\n<title>Aviso legal - Ludwigs Leiter Translations<\/title>\r\n<meta name=\"robots\" content=\"index, follow, max-snippet:-1, max-image-preview:large, max-video-preview:-1\" \/>\r\n<link rel=\"canonical\" href=\"https:\/\/wischin.info\/?page_id=1264&lang=es\" \/>\r\n<meta property=\"og:locale\" content=\"en_US\" \/>\r\n<meta property=\"og:type\" content=\"article\" \/>\r\n<meta property=\"og:title\" content=\"Aviso legal - Ludwigs Leiter Translations\" \/>\r\n<meta property=\"og:description\" content=\"Aviso legal Responsable para este sitio de Internet: Ludwigs Leiter Translations Kurt Wischin Quer\u00e9taro, Mexico Email: tr**********@*****in.info Este sitio de Internet proporciona informaci\u00f3n sobre servicios de traducci\u00f3n profesional. Todo el contenido se prepara con el cuidado y al mejor de nuestro conocimiento. No se acepta responsabilidad por los enlaces externos.\" \/>\r\n<meta property=\"og:url\" content=\"https:\/\/wischin.info\/?page_id=1264&amp;lang=es\" \/>\r\n<meta property=\"og:site_name\" content=\"Ludwigs Leiter Translations\" \/>\r\n<meta property=\"article:modified_time\" content=\"2026-01-06T20:12:46+00:00\" \/>\r\n<meta name=\"twitter:card\" content=\"summary_large_image\" \/>\r\n<script type=\"application\/ld+json\" class=\"yoast-schema-graph\">{\"@context\":\"https:\\\/\\\/schema.org\",\"@graph\":[{\"@type\":\"WebPage\",\"@id\":\"https:\\\/\\\/wischin.info\\\/?page_id=1264&lang=es\",\"url\":\"https:\\\/\\\/wischin.info\\\/?page_id=1264&lang=es\",\"name\":\"Aviso legal - Ludwigs Leiter Translations\",\"isPartOf\":{\"@id\":\"https:\\\/\\\/wischin.info\\\/#website\"},\"datePublished\":\"2026-01-06T20:09:14+00:00\",\"dateModified\":\"2026-01-06T20:12:46+00:00\",\"breadcrumb\":{\"@id\":\"https:\\\/\\\/wischin.info\\\/?page_id=1264&lang=es#breadcrumb\"},\"inLanguage\":\"en-US\",\"potentialAction\":[{\"@type\":\"ReadAction\",\"target\":[\"https:\\\/\\\/wischin.info\\\/?page_id=1264&lang=es\"]}]},{\"@type\":\"BreadcrumbList\",\"@id\":\"https:\\\/\\\/wischin.info\\\/?page_id=1264&lang=es#breadcrumb\",\"itemListElement\":[{\"@type\":\"ListItem\",\"position\":1,\"name\":\"Home\",\"item\":\"https:\\\/\\\/wischin.info\\\/\"},{\"@type\":\"ListItem\",\"position\":2,\"name\":\"Aviso legal\"}]},{\"@type\":\"WebSite\",\"@id\":\"https:\\\/\\\/wischin.info\\\/#website\",\"url\":\"https:\\\/\\\/wischin.info\\\/\",\"name\":\"Ludwigs Leiter Translations\",\"description\":\"\",\"potentialAction\":[{\"@type\":\"SearchAction\",\"target\":{\"@type\":\"EntryPoint\",\"urlTemplate\":\"https:\\\/\\\/wischin.info\\\/?s={search_term_string}\"},\"query-input\":{\"@type\":\"PropertyValueSpecification\",\"valueRequired\":true,\"valueName\":\"search_term_string\"}}],\"inLanguage\":\"en-US\"}]}<\/script>\r\n<!-- \/ Yoast SEO plugin. -->","yoast_head_json":{"title":"Aviso legal - Ludwigs Leiter Translations","robots":{"index":"index","follow":"follow","max-snippet":"max-snippet:-1","max-image-preview":"max-image-preview:large","max-video-preview":"max-video-preview:-1"},"canonical":"https:\/\/wischin.info\/?page_id=1264&lang=es","og_locale":"en_US","og_type":"article","og_title":"Aviso legal - Ludwigs Leiter Translations","og_description":"Aviso legal Responsable para este sitio de Internet: Ludwigs Leiter Translations Kurt Wischin Quer\u00e9taro, Mexico Email: tr**********@*****in.info Este sitio de Internet proporciona informaci\u00f3n sobre servicios de traducci\u00f3n profesional. Todo el contenido se prepara con el cuidado y al mejor de nuestro conocimiento. No se acepta responsabilidad por los enlaces externos.","og_url":"https:\/\/wischin.info\/?page_id=1264&lang=es","og_site_name":"Ludwigs Leiter Translations","article_modified_time":"2026-01-06T20:12:46+00:00","twitter_card":"summary_large_image","schema":{"@context":"https:\/\/schema.org","@graph":[{"@type":"WebPage","@id":"https:\/\/wischin.info\/?page_id=1264&lang=es","url":"https:\/\/wischin.info\/?page_id=1264&lang=es","name":"Aviso legal - Ludwigs Leiter Translations","isPartOf":{"@id":"https:\/\/wischin.info\/#website"},"datePublished":"2026-01-06T20:09:14+00:00","dateModified":"2026-01-06T20:12:46+00:00","breadcrumb":{"@id":"https:\/\/wischin.info\/?page_id=1264&lang=es#breadcrumb"},"inLanguage":"en-US","potentialAction":[{"@type":"ReadAction","target":["https:\/\/wischin.info\/?page_id=1264&lang=es"]}]},{"@type":"BreadcrumbList","@id":"https:\/\/wischin.info\/?page_id=1264&lang=es#breadcrumb","itemListElement":[{"@type":"ListItem","position":1,"name":"Home","item":"https:\/\/wischin.info\/"},{"@type":"ListItem","position":2,"name":"Aviso legal"}]},{"@type":"WebSite","@id":"https:\/\/wischin.info\/#website","url":"https:\/\/wischin.info\/","name":"Ludwigs Leiter Translations","description":"","potentialAction":[{"@type":"SearchAction","target":{"@type":"EntryPoint","urlTemplate":"https:\/\/wischin.info\/?s={search_term_string}"},"query-input":{"@type":"PropertyValueSpecification","valueRequired":true,"valueName":"search_term_string"}}],"inLanguage":"en-US"}]}},"_links":{"self":[{"href":"https:\/\/wischin.info\/index.php?rest_route=\/wp\/v2\/pages\/1264","targetHints":{"allow":["GET"]}}],"collection":[{"href":"https:\/\/wischin.info\/index.php?rest_route=\/wp\/v2\/pages"}],"about":[{"href":"https:\/\/wischin.info\/index.php?rest_route=\/wp\/v2\/types\/page"}],"author":[{"embeddable":true,"href":"https:\/\/wischin.info\/index.php?rest_route=\/wp\/v2\/users\/1"}],"replies":[{"embeddable":true,"href":"https:\/\/wischin.info\/index.php?rest_route=%2Fwp%2Fv2%2Fcomments&post=1264"}],"version-history":[{"count":1,"href":"https:\/\/wischin.info\/index.php?rest_route=\/wp\/v2\/pages\/1264\/revisions"}],"predecessor-version":[{"id":1265,"href":"https:\/\/wischin.info\/index.php?rest_route=\/wp\/v2\/pages\/1264\/revisions\/1265"}],"wp:attachment":[{"href":"https:\/\/wischin.info\/index.php?rest_route=%2Fwp%2Fv2%2Fmedia&parent=1264"}],"curies":[{"name":"wp","href":"https:\/\/api.w.org\/{rel}","templated":true}]}}