{"id":1192,"date":"2025-12-28T01:00:50","date_gmt":"2025-12-28T01:00:50","guid":{"rendered":"https:\/\/wischin.info\/?page_id=1192"},"modified":"2025-12-28T01:14:57","modified_gmt":"2025-12-28T01:14:57","slug":"impressum","status":"publish","type":"page","link":"https:\/\/wischin.info\/?page_id=1192&lang=de","title":{"rendered":"Impressum"},"content":{"rendered":"\n<p class=\"has-black-color has-text-color has-link-color has-large-font-size wp-elements-78034686af2d4409c044551409ccb684\" style=\"padding-right:var(--wp--preset--spacing--30);padding-left:var(--wp--preset--spacing--30)\">Impressum<\/p>\n\n\n\n<p style=\"padding-right:var(--wp--preset--spacing--30);padding-left:var(--wp--preset--spacing--30)\">Verantwortlich f\u00fcr diese Webseite ist:<br>Ludwigs Leiter Translations <br>Kurt  Wischin <br>E-Mail: <a href=\"mailto:tr**********@*****in.info\" data-original-string=\"fGAknOFJxS2AzYaE7Alt7w==f50MD\/ESvc9sjcQaA5pT7er4nThnEGD9VwKiX6IL8CR+Ys=\" title=\"This contact has been encoded by Anti-Spam by CleanTalk. Click to decode. To finish the decoding make sure that JavaScript is enabled in your browser.\"><span \n                data-original-string='x9c07DjrGOSokGR58+lwVQ==f50EmzKv7Zyehav2uXq+fTGV8iXnQm9uoCdTI47NRE6DYo='\n                class='apbct-email-encoder'\n                title='This contact has been encoded by Anti-Spam by CleanTalk. Click to decode. To finish the decoding make sure that JavaScript is enabled in your browser.'>tr<span class=\"apbct-blur\">**********<\/span>@<span class=\"apbct-blur\">*****<\/span>in.info<\/span><\/a> <br>Quer\u00e9taro, Mexiko<\/p>\n\n\n\n<p style=\"padding-right:var(--wp--preset--spacing--30);padding-left:var(--wp--preset--spacing--30)\">Diese Webseite bietet Informationen zu professionellen \u00dcbersetzerdiensten an. Die gesamten Inhalte sind mit Sorgfalt und nach unserem besten Wissen gestaltet. Es wird keine Verantwortung f\u00fcr externe Links \u00fcbernommen.<\/p>\n\n\n\n<p><\/p>\n","protected":false},"excerpt":{"rendered":"<p>Impressum Verantwortlich f\u00fcr diese Webseite ist:Ludwigs Leiter Translations Kurt Wischin E-Mail: tr**********@*****in.info Quer\u00e9taro, Mexiko Diese Webseite bietet Informationen zu professionellen \u00dcbersetzerdiensten an. Die gesamten Inhalte sind mit Sorgfalt und nach unserem besten Wissen gestaltet. Es wird keine Verantwortung f\u00fcr externe Links \u00fcbernommen.<\/p>\n","protected":false},"author":1,"featured_media":0,"parent":0,"menu_order":0,"comment_status":"closed","ping_status":"closed","template":"","meta":{"footnotes":""},"class_list":["post-1192","page","type-page","status-publish","hentry"],"yoast_head":"<!-- This site is optimized with the Yoast SEO plugin v27.5 - https:\/\/yoast.com\/product\/yoast-seo-wordpress\/ -->\r\n<title>Impressum - Ludwigs Leiter Translations<\/title>\r\n<meta name=\"robots\" content=\"index, follow, max-snippet:-1, max-image-preview:large, max-video-preview:-1\" \/>\r\n<link rel=\"canonical\" href=\"https:\/\/wischin.info\/?page_id=1192&lang=de\" \/>\r\n<meta property=\"og:locale\" content=\"en_US\" \/>\r\n<meta property=\"og:type\" content=\"article\" \/>\r\n<meta property=\"og:title\" content=\"Impressum - Ludwigs Leiter Translations\" \/>\r\n<meta property=\"og:description\" content=\"Impressum Verantwortlich f\u00fcr diese Webseite ist:Ludwigs Leiter Translations Kurt Wischin E-Mail: tr**********@*****in.info Quer\u00e9taro, Mexiko Diese Webseite bietet Informationen zu professionellen \u00dcbersetzerdiensten an. Die gesamten Inhalte sind mit Sorgfalt und nach unserem besten Wissen gestaltet. Es wird keine Verantwortung f\u00fcr externe Links \u00fcbernommen.\" \/>\r\n<meta property=\"og:url\" content=\"https:\/\/wischin.info\/?page_id=1192&amp;lang=de\" \/>\r\n<meta property=\"og:site_name\" content=\"Ludwigs Leiter Translations\" \/>\r\n<meta property=\"article:modified_time\" content=\"2025-12-28T01:14:57+00:00\" \/>\r\n<meta name=\"twitter:card\" content=\"summary_large_image\" \/>\r\n<script type=\"application\/ld+json\" class=\"yoast-schema-graph\">{\"@context\":\"https:\\\/\\\/schema.org\",\"@graph\":[{\"@type\":\"WebPage\",\"@id\":\"https:\\\/\\\/wischin.info\\\/?page_id=1192&lang=de\",\"url\":\"https:\\\/\\\/wischin.info\\\/?page_id=1192&lang=de\",\"name\":\"Impressum - Ludwigs Leiter Translations\",\"isPartOf\":{\"@id\":\"https:\\\/\\\/wischin.info\\\/#website\"},\"datePublished\":\"2025-12-28T01:00:50+00:00\",\"dateModified\":\"2025-12-28T01:14:57+00:00\",\"breadcrumb\":{\"@id\":\"https:\\\/\\\/wischin.info\\\/?page_id=1192&lang=de#breadcrumb\"},\"inLanguage\":\"en-US\",\"potentialAction\":[{\"@type\":\"ReadAction\",\"target\":[\"https:\\\/\\\/wischin.info\\\/?page_id=1192&lang=de\"]}]},{\"@type\":\"BreadcrumbList\",\"@id\":\"https:\\\/\\\/wischin.info\\\/?page_id=1192&lang=de#breadcrumb\",\"itemListElement\":[{\"@type\":\"ListItem\",\"position\":1,\"name\":\"Home\",\"item\":\"https:\\\/\\\/wischin.info\\\/\"},{\"@type\":\"ListItem\",\"position\":2,\"name\":\"Impressum\"}]},{\"@type\":\"WebSite\",\"@id\":\"https:\\\/\\\/wischin.info\\\/#website\",\"url\":\"https:\\\/\\\/wischin.info\\\/\",\"name\":\"Ludwigs Leiter Translations\",\"description\":\"\",\"potentialAction\":[{\"@type\":\"SearchAction\",\"target\":{\"@type\":\"EntryPoint\",\"urlTemplate\":\"https:\\\/\\\/wischin.info\\\/?s={search_term_string}\"},\"query-input\":{\"@type\":\"PropertyValueSpecification\",\"valueRequired\":true,\"valueName\":\"search_term_string\"}}],\"inLanguage\":\"en-US\"}]}<\/script>\r\n<!-- \/ Yoast SEO plugin. -->","yoast_head_json":{"title":"Impressum - Ludwigs Leiter Translations","robots":{"index":"index","follow":"follow","max-snippet":"max-snippet:-1","max-image-preview":"max-image-preview:large","max-video-preview":"max-video-preview:-1"},"canonical":"https:\/\/wischin.info\/?page_id=1192&lang=de","og_locale":"en_US","og_type":"article","og_title":"Impressum - Ludwigs Leiter Translations","og_description":"Impressum Verantwortlich f\u00fcr diese Webseite ist:Ludwigs Leiter Translations Kurt Wischin E-Mail: tr**********@*****in.info Quer\u00e9taro, Mexiko Diese Webseite bietet Informationen zu professionellen \u00dcbersetzerdiensten an. Die gesamten Inhalte sind mit Sorgfalt und nach unserem besten Wissen gestaltet. Es wird keine Verantwortung f\u00fcr externe Links \u00fcbernommen.","og_url":"https:\/\/wischin.info\/?page_id=1192&lang=de","og_site_name":"Ludwigs Leiter Translations","article_modified_time":"2025-12-28T01:14:57+00:00","twitter_card":"summary_large_image","schema":{"@context":"https:\/\/schema.org","@graph":[{"@type":"WebPage","@id":"https:\/\/wischin.info\/?page_id=1192&lang=de","url":"https:\/\/wischin.info\/?page_id=1192&lang=de","name":"Impressum - Ludwigs Leiter Translations","isPartOf":{"@id":"https:\/\/wischin.info\/#website"},"datePublished":"2025-12-28T01:00:50+00:00","dateModified":"2025-12-28T01:14:57+00:00","breadcrumb":{"@id":"https:\/\/wischin.info\/?page_id=1192&lang=de#breadcrumb"},"inLanguage":"en-US","potentialAction":[{"@type":"ReadAction","target":["https:\/\/wischin.info\/?page_id=1192&lang=de"]}]},{"@type":"BreadcrumbList","@id":"https:\/\/wischin.info\/?page_id=1192&lang=de#breadcrumb","itemListElement":[{"@type":"ListItem","position":1,"name":"Home","item":"https:\/\/wischin.info\/"},{"@type":"ListItem","position":2,"name":"Impressum"}]},{"@type":"WebSite","@id":"https:\/\/wischin.info\/#website","url":"https:\/\/wischin.info\/","name":"Ludwigs Leiter Translations","description":"","potentialAction":[{"@type":"SearchAction","target":{"@type":"EntryPoint","urlTemplate":"https:\/\/wischin.info\/?s={search_term_string}"},"query-input":{"@type":"PropertyValueSpecification","valueRequired":true,"valueName":"search_term_string"}}],"inLanguage":"en-US"}]}},"_links":{"self":[{"href":"https:\/\/wischin.info\/index.php?rest_route=\/wp\/v2\/pages\/1192","targetHints":{"allow":["GET"]}}],"collection":[{"href":"https:\/\/wischin.info\/index.php?rest_route=\/wp\/v2\/pages"}],"about":[{"href":"https:\/\/wischin.info\/index.php?rest_route=\/wp\/v2\/types\/page"}],"author":[{"embeddable":true,"href":"https:\/\/wischin.info\/index.php?rest_route=\/wp\/v2\/users\/1"}],"replies":[{"embeddable":true,"href":"https:\/\/wischin.info\/index.php?rest_route=%2Fwp%2Fv2%2Fcomments&post=1192"}],"version-history":[{"count":6,"href":"https:\/\/wischin.info\/index.php?rest_route=\/wp\/v2\/pages\/1192\/revisions"}],"predecessor-version":[{"id":1201,"href":"https:\/\/wischin.info\/index.php?rest_route=\/wp\/v2\/pages\/1192\/revisions\/1201"}],"wp:attachment":[{"href":"https:\/\/wischin.info\/index.php?rest_route=%2Fwp%2Fv2%2Fmedia&parent=1192"}],"curies":[{"name":"wp","href":"https:\/\/api.w.org\/{rel}","templated":true}]}}